{"id":2326,"date":"2025-02-12T17:13:22","date_gmt":"2025-02-12T17:13:22","guid":{"rendered":"https:\/\/www.bmsch.com.tr\/?page_id=2326"},"modified":"2025-10-10T15:14:02","modified_gmt":"2025-10-10T15:14:02","slug":"news","status":"publish","type":"page","link":"https:\/\/www.bmsch.com.tr\/en\/news\/","title":{"rendered":"News"},"content":{"rendered":"\t\t<div data-elementor-type=\"wp-page\" data-elementor-id=\"2326\" class=\"elementor elementor-2326\" data-elementor-post-type=\"page\">\n\t\t\t\t<div class=\"elementor-element elementor-element-067ec86 e-flex e-con-boxed e-con e-parent\" data-id=\"067ec86\" data-element_type=\"container\" data-e-type=\"container\">\n\t\t\t\t\t<div class=\"e-con-inner\">\n\t\t\t\t<div class=\"elementor-element elementor-element-6d020c8 elementor-widget__width-inherit elementor-widget elementor-widget-lqd-posts-list lqd-widget-container-flex lqd-widget-container-flex-wrap\" data-id=\"6d020c8\" data-element_type=\"widget\" data-e-type=\"widget\" data-widget_type=\"lqd-posts-list.default\">\n\t\t\t\t<div class=\"elementor-widget-container\">\n\t\t\t\t\t\n\t\t<article id=\"post-3273\" class=\"lqd-post relative transition-all post-3273 post type-post status-publish format-standard has-post-thumbnail hentry category-bizden-haberler\" data-lqd-post-type=\"post\">\t\t<div class=\"lqd-post-media relative z-0 elementor-repeater-item-8490f1a\">\n\t\t\t<figure class=\"lqd-post-media-fig rounded-inherit\">\n\t\t\t\t\t\t\t\t<a href=\"https:\/\/www.bmsch.com.tr\/en\/koy-okulu-projesi\/\">\n\t\t\t\t\t\t\t\t<img fetchpriority=\"high\" decoding=\"async\" width=\"1599\" height=\"1066\" src=\"https:\/\/www.bmsch.com.tr\/wp-content\/uploads\/2025\/10\/koy-okul-kapak.jpg\" class=\"w-full rounded-inherit object-cover object-center wp-post-image\" alt=\"\" srcset=\"https:\/\/www.bmsch.com.tr\/wp-content\/uploads\/2025\/10\/koy-okul-kapak.jpg 1599w, https:\/\/www.bmsch.com.tr\/wp-content\/uploads\/2025\/10\/koy-okul-kapak-300x200.jpg 300w, https:\/\/www.bmsch.com.tr\/wp-content\/uploads\/2025\/10\/koy-okul-kapak-1024x683.jpg 1024w, https:\/\/www.bmsch.com.tr\/wp-content\/uploads\/2025\/10\/koy-okul-kapak-18x12.jpg 18w\" sizes=\"(max-width: 1599px) 100vw, 1599px\" \/>\t\t\t\t\t\t\t\t<\/a>\n\t\t\t\t\t\t\t<\/figure>\t\t<\/div>\n\t\t<h4 class=\"lqd-post-title m-0 p-0 relative z-1 elementor-repeater-item-25909e6\"><a class=\"text-inherit transition-colors\" href=\"https:\/\/www.bmsch.com.tr\/en\/koy-okulu-projesi\/\">K\u00f6y Okulu Projesi<\/a><\/h4><\/article>\n\n\t\t\n\t\t<article id=\"post-3256\" class=\"lqd-post relative transition-all post-3256 post type-post status-publish format-standard has-post-thumbnail hentry category-bizden-haberler\" data-lqd-post-type=\"post\">\t\t<div class=\"lqd-post-media relative z-0 elementor-repeater-item-8490f1a\">\n\t\t\t<figure class=\"lqd-post-media-fig rounded-inherit\">\n\t\t\t\t\t\t\t\t<a href=\"https:\/\/www.bmsch.com.tr\/en\/metal-expo-2025\/\">\n\t\t\t\t\t\t\t\t<img decoding=\"async\" width=\"1599\" height=\"1066\" src=\"https:\/\/www.bmsch.com.tr\/wp-content\/uploads\/2025\/10\/metal-expo.jpg\" class=\"w-full rounded-inherit object-cover object-center wp-post-image\" alt=\"\" srcset=\"https:\/\/www.bmsch.com.tr\/wp-content\/uploads\/2025\/10\/metal-expo.jpg 1599w, https:\/\/www.bmsch.com.tr\/wp-content\/uploads\/2025\/10\/metal-expo-300x200.jpg 300w, https:\/\/www.bmsch.com.tr\/wp-content\/uploads\/2025\/10\/metal-expo-1024x683.jpg 1024w, https:\/\/www.bmsch.com.tr\/wp-content\/uploads\/2025\/10\/metal-expo-18x12.jpg 18w\" sizes=\"(max-width: 1599px) 100vw, 1599px\" \/>\t\t\t\t\t\t\t\t<\/a>\n\t\t\t\t\t\t\t<\/figure>\t\t<\/div>\n\t\t<h4 class=\"lqd-post-title m-0 p-0 relative z-1 elementor-repeater-item-25909e6\"><a class=\"text-inherit transition-colors\" href=\"https:\/\/www.bmsch.com.tr\/en\/metal-expo-2025\/\">Metal Expo 2025<\/a><\/h4><\/article>\n\n\t\t\n\t\t<article id=\"post-3283\" class=\"lqd-post relative transition-all post-3283 post type-post status-publish format-standard has-post-thumbnail hentry category-bizden-haberler\" data-lqd-post-type=\"post\">\t\t<div class=\"lqd-post-media relative z-0 elementor-repeater-item-8490f1a\">\n\t\t\t<figure class=\"lqd-post-media-fig rounded-inherit\">\n\t\t\t\t\t\t\t\t<a href=\"https:\/\/www.bmsch.com.tr\/en\/metal-expo-2024\/\">\n\t\t\t\t\t\t\t\t<img decoding=\"async\" width=\"1200\" height=\"800\" src=\"https:\/\/www.bmsch.com.tr\/wp-content\/uploads\/2025\/10\/metal-expo-2024.jpg\" class=\"w-full rounded-inherit object-cover object-center wp-post-image\" alt=\"\" srcset=\"https:\/\/www.bmsch.com.tr\/wp-content\/uploads\/2025\/10\/metal-expo-2024.jpg 1200w, https:\/\/www.bmsch.com.tr\/wp-content\/uploads\/2025\/10\/metal-expo-2024-300x200.jpg 300w, https:\/\/www.bmsch.com.tr\/wp-content\/uploads\/2025\/10\/metal-expo-2024-1024x683.jpg 1024w, https:\/\/www.bmsch.com.tr\/wp-content\/uploads\/2025\/10\/metal-expo-2024-18x12.jpg 18w\" sizes=\"(max-width: 1200px) 100vw, 1200px\" \/>\t\t\t\t\t\t\t\t<\/a>\n\t\t\t\t\t\t\t<\/figure>\t\t<\/div>\n\t\t<h4 class=\"lqd-post-title m-0 p-0 relative z-1 elementor-repeater-item-25909e6\"><a class=\"text-inherit transition-colors\" href=\"https:\/\/www.bmsch.com.tr\/en\/metal-expo-2024\/\">Metal Expo 2024<\/a><\/h4><\/article>\n\n\t\t\n\t\t<article id=\"post-1816\" class=\"lqd-post relative transition-all post-1816 post type-post status-publish format-standard has-post-thumbnail hentry category-bizden-haberler\" data-lqd-post-type=\"post\">\t\t<div class=\"lqd-post-media relative z-0 elementor-repeater-item-8490f1a\">\n\t\t\t<figure class=\"lqd-post-media-fig rounded-inherit\">\n\t\t\t\t\t\t\t\t<a href=\"https:\/\/www.bmsch.com.tr\/en\/bms-celik-hasir-uk-construction-weekte-2\/\">\n\t\t\t\t\t\t\t\t<img loading=\"lazy\" decoding=\"async\" width=\"744\" height=\"496\" src=\"https:\/\/www.bmsch.com.tr\/wp-content\/uploads\/2023\/11\/2-1-2.jpg\" class=\"w-full rounded-inherit object-cover object-center wp-post-image\" alt=\"\" srcset=\"https:\/\/www.bmsch.com.tr\/wp-content\/uploads\/2023\/11\/2-1-2.jpg 744w, https:\/\/www.bmsch.com.tr\/wp-content\/uploads\/2023\/11\/2-1-2-300x200.jpg 300w, https:\/\/www.bmsch.com.tr\/wp-content\/uploads\/2023\/11\/2-1-2-18x12.jpg 18w\" sizes=\"(max-width: 744px) 100vw, 744px\" \/>\t\t\t\t\t\t\t\t<\/a>\n\t\t\t\t\t\t\t<\/figure>\t\t<\/div>\n\t\t<h4 class=\"lqd-post-title m-0 p-0 relative z-1 elementor-repeater-item-25909e6\"><a class=\"text-inherit transition-colors\" href=\"https:\/\/www.bmsch.com.tr\/en\/bms-celik-hasir-uk-construction-weekte-2\/\">Bms \u00c7elik Has\u0131r, Uk Construction Week\u2019te!\ufeff<\/a><\/h4><\/article>\n\n\t\t\n\t\t<article id=\"post-2927\" class=\"lqd-post relative transition-all post-2927 post type-post status-publish format-standard has-post-thumbnail hentry category-bizden-haberler\" data-lqd-post-type=\"post\">\t\t<div class=\"lqd-post-media relative z-0 elementor-repeater-item-8490f1a\">\n\t\t\t<figure class=\"lqd-post-media-fig rounded-inherit\">\n\t\t\t\t\t\t\t\t<a href=\"https:\/\/www.bmsch.com.tr\/en\/ingiltere-uk-construction-week-birmingham-2022\/\">\n\t\t\t\t\t\t\t\t<img loading=\"lazy\" decoding=\"async\" width=\"1024\" height=\"683\" src=\"https:\/\/www.bmsch.com.tr\/wp-content\/uploads\/2025\/04\/uk-haber-1.jpg\" class=\"w-full rounded-inherit object-cover object-center wp-post-image\" alt=\"\" srcset=\"https:\/\/www.bmsch.com.tr\/wp-content\/uploads\/2025\/04\/uk-haber-1.jpg 1024w, https:\/\/www.bmsch.com.tr\/wp-content\/uploads\/2025\/04\/uk-haber-1-300x200.jpg 300w, https:\/\/www.bmsch.com.tr\/wp-content\/uploads\/2025\/04\/uk-haber-1-18x12.jpg 18w\" sizes=\"(max-width: 1024px) 100vw, 1024px\" \/>\t\t\t\t\t\t\t\t<\/a>\n\t\t\t\t\t\t\t<\/figure>\t\t<\/div>\n\t\t<h4 class=\"lqd-post-title m-0 p-0 relative z-1 elementor-repeater-item-25909e6\"><a class=\"text-inherit transition-colors\" href=\"https:\/\/www.bmsch.com.tr\/en\/ingiltere-uk-construction-week-birmingham-2022\/\">\u0130ngiltere UK Construction Week Birmingham 2022<\/a><\/h4><\/article>\n\n\t\t\n\t\t<article id=\"post-2919\" class=\"lqd-post relative transition-all post-2919 post type-post status-publish format-standard has-post-thumbnail hentry category-bizden-haberler\" data-lqd-post-type=\"post\">\t\t<div class=\"lqd-post-media relative z-0 elementor-repeater-item-8490f1a\">\n\t\t\t<figure class=\"lqd-post-media-fig rounded-inherit\">\n\t\t\t\t\t\t\t\t<a href=\"https:\/\/www.bmsch.com.tr\/en\/tel-ve-kablo-fuari\/\">\n\t\t\t\t\t\t\t\t<img loading=\"lazy\" decoding=\"async\" width=\"1599\" height=\"1066\" src=\"https:\/\/www.bmsch.com.tr\/wp-content\/uploads\/2025\/04\/fair-news.jpg\" class=\"w-full rounded-inherit object-cover object-center wp-post-image\" alt=\"\" srcset=\"https:\/\/www.bmsch.com.tr\/wp-content\/uploads\/2025\/04\/fair-news.jpg 1599w, https:\/\/www.bmsch.com.tr\/wp-content\/uploads\/2025\/04\/fair-news-300x200.jpg 300w, https:\/\/www.bmsch.com.tr\/wp-content\/uploads\/2025\/04\/fair-news-1024x683.jpg 1024w, https:\/\/www.bmsch.com.tr\/wp-content\/uploads\/2025\/04\/fair-news-18x12.jpg 18w\" sizes=\"(max-width: 1599px) 100vw, 1599px\" \/>\t\t\t\t\t\t\t\t<\/a>\n\t\t\t\t\t\t\t<\/figure>\t\t<\/div>\n\t\t<h4 class=\"lqd-post-title m-0 p-0 relative z-1 elementor-repeater-item-25909e6\"><a class=\"text-inherit transition-colors\" href=\"https:\/\/www.bmsch.com.tr\/en\/tel-ve-kablo-fuari\/\">Tel ve Kablo Fuar\u0131<\/a><\/h4><\/article>\n\n\t\t\t\t\t\t<\/div>\n\t\t\t\t<\/div>\n\t\t<style>.elementor-element-6d020c8 {\n   transform: translate3d(0px,90px,0px) scale(1, 1.2) rotateX(0deg) rotateY(0deg) rotateZ(0deg) skew(0deg, 0deg);\n   opacity: 0;\n}\n<\/style><script>\n\t\twindow.liquid.behaviors.push( {\n\t\t\tdataId: \"6d020c8\",\n\t\t\tbehaviors:[\n\t\t\t\t{behaviorName:'liquidGetElementComputedStyles',options:{includeSelf:true,getRect:true,addGhosts:true}},{behaviorName:'liquidAnimations',options:{domain:'inview',trigger:'ghost',duration:0.65,ease:'expo.out',stagger:{each:0.065,from:'start'},delay:0,start:'top+=30px bottom',startElementOffset:0,startViewportOffset:0,animations:[{elements:'self',breakpointsKeyframes:{all:{keyframes:[{scaleX:1,scaleY:1,skewX:0,skewY:0,x:'0px',y:'0px',z:'0px',rotateX:0,rotateY:0,rotateZ:0,opacity:1}]}}}]}},\n\t\t\t]\n\t\t} );\n\t\t\n\t\t<\/script>\t\t\t<\/div>\n\t\t\t\t<\/div>\n\t\t\t\t<\/div>\n\t\t","protected":false},"excerpt":{"rendered":"<p>Metal Expo 2025 Bms \u00c7elik Has\u0131r, Uk Construction Week\u2019te!\ufeff \u0130ngiltere UK Construction Week Birmingham 2022 Tel ve Kablo Fuar\u0131<\/p>","protected":false},"author":1,"featured_media":0,"parent":0,"menu_order":0,"comment_status":"closed","ping_status":"closed","template":"","meta":{"footnotes":""},"class_list":["post-2326","page","type-page","status-publish","hentry"],"yoast_head":"<!-- This site is optimized with the Yoast SEO plugin v27.3 - https:\/\/yoast.com\/product\/yoast-seo-wordpress\/ -->\n<title>Bizden Haberler - BMS &Ccedil;elik Has\u0131r<\/title>\n<meta name=\"description\" content=\"BMS \u00c7elik Has\u0131r ile ilgili en g\u00fcncel haberler, etkinlikler ve sekt\u00f6rel geli\u015fmeleri takip edin. Sekt\u00f6rdeki yerimizi ve att\u0131\u011f\u0131m\u0131z ad\u0131mlar\u0131 ke\u015ffedin.\" \/>\n<meta name=\"robots\" content=\"index, follow, max-snippet:-1, max-image-preview:large, max-video-preview:-1\" \/>\n<link rel=\"canonical\" href=\"https:\/\/www.bmsch.com.tr\/en\/news\/\" \/>\n<meta property=\"og:locale\" content=\"en_US\" \/>\n<meta property=\"og:type\" content=\"article\" \/>\n<meta property=\"og:title\" content=\"Bizden Haberler - BMS &Ccedil;elik Has\u0131r\" \/>\n<meta property=\"og:description\" content=\"BMS \u00c7elik Has\u0131r ile ilgili en g\u00fcncel haberler, etkinlikler ve sekt\u00f6rel geli\u015fmeleri takip edin. Sekt\u00f6rdeki yerimizi ve att\u0131\u011f\u0131m\u0131z ad\u0131mlar\u0131 ke\u015ffedin.\" \/>\n<meta property=\"og:url\" content=\"https:\/\/www.bmsch.com.tr\/en\/news\/\" \/>\n<meta property=\"og:site_name\" content=\"BMS &Ccedil;elik Has\u0131r\" \/>\n<meta property=\"article:modified_time\" content=\"2025-10-10T15:14:02+00:00\" \/>\n<meta property=\"og:image\" content=\"https:\/\/www.bmsch.com.tr\/wp-content\/uploads\/2025\/10\/1758886020534.jpg\" \/>\n<meta name=\"twitter:card\" content=\"summary_large_image\" \/>\n<meta name=\"twitter:label1\" content=\"Est. reading time\" \/>\n\t<meta name=\"twitter:data1\" content=\"1 minute\" \/>\n<script type=\"application\/ld+json\" class=\"yoast-schema-graph\">{\"@context\":\"https:\\\/\\\/schema.org\",\"@graph\":[{\"@type\":\"WebPage\",\"@id\":\"https:\\\/\\\/www.bmsch.com.tr\\\/bizden-haberler\\\/\",\"url\":\"https:\\\/\\\/www.bmsch.com.tr\\\/bizden-haberler\\\/\",\"name\":\"Bizden Haberler - BMS &Ccedil;elik Has\u0131r\",\"isPartOf\":{\"@id\":\"https:\\\/\\\/www.bmsch.com.tr\\\/#website\"},\"primaryImageOfPage\":{\"@id\":\"https:\\\/\\\/www.bmsch.com.tr\\\/bizden-haberler\\\/#primaryimage\"},\"image\":{\"@id\":\"https:\\\/\\\/www.bmsch.com.tr\\\/bizden-haberler\\\/#primaryimage\"},\"thumbnailUrl\":\"https:\\\/\\\/www.bmsch.com.tr\\\/wp-content\\\/uploads\\\/2025\\\/10\\\/1758886020534.jpg\",\"datePublished\":\"2025-02-12T17:13:22+00:00\",\"dateModified\":\"2025-10-10T15:14:02+00:00\",\"description\":\"BMS \u00c7elik Has\u0131r ile ilgili en g\u00fcncel haberler, etkinlikler ve sekt\u00f6rel geli\u015fmeleri takip edin. Sekt\u00f6rdeki yerimizi ve att\u0131\u011f\u0131m\u0131z ad\u0131mlar\u0131 ke\u015ffedin.\",\"breadcrumb\":{\"@id\":\"https:\\\/\\\/www.bmsch.com.tr\\\/bizden-haberler\\\/#breadcrumb\"},\"inLanguage\":\"en-US\",\"potentialAction\":[{\"@type\":\"ReadAction\",\"target\":[\"https:\\\/\\\/www.bmsch.com.tr\\\/bizden-haberler\\\/\"]}]},{\"@type\":\"ImageObject\",\"inLanguage\":\"en-US\",\"@id\":\"https:\\\/\\\/www.bmsch.com.tr\\\/bizden-haberler\\\/#primaryimage\",\"url\":\"https:\\\/\\\/www.bmsch.com.tr\\\/wp-content\\\/uploads\\\/2025\\\/10\\\/1758886020534.jpg\",\"contentUrl\":\"https:\\\/\\\/www.bmsch.com.tr\\\/wp-content\\\/uploads\\\/2025\\\/10\\\/1758886020534.jpg\"},{\"@type\":\"BreadcrumbList\",\"@id\":\"https:\\\/\\\/www.bmsch.com.tr\\\/bizden-haberler\\\/#breadcrumb\",\"itemListElement\":[{\"@type\":\"ListItem\",\"position\":1,\"name\":\"Anasayfa\",\"item\":\"https:\\\/\\\/www.bmsch.com.tr\\\/\"},{\"@type\":\"ListItem\",\"position\":2,\"name\":\"Bizden Haberler\"}]},{\"@type\":\"WebSite\",\"@id\":\"https:\\\/\\\/www.bmsch.com.tr\\\/#website\",\"url\":\"https:\\\/\\\/www.bmsch.com.tr\\\/\",\"name\":\"BMS \u00c7elik Has\u0131r\",\"description\":\"\",\"publisher\":{\"@id\":\"https:\\\/\\\/www.bmsch.com.tr\\\/#organization\"},\"potentialAction\":[{\"@type\":\"SearchAction\",\"target\":{\"@type\":\"EntryPoint\",\"urlTemplate\":\"https:\\\/\\\/www.bmsch.com.tr\\\/?s={search_term_string}\"},\"query-input\":{\"@type\":\"PropertyValueSpecification\",\"valueRequired\":true,\"valueName\":\"search_term_string\"}}],\"inLanguage\":\"en-US\"},{\"@type\":\"Organization\",\"@id\":\"https:\\\/\\\/www.bmsch.com.tr\\\/#organization\",\"name\":\"BMS \u00c7elik Has\u0131r\",\"url\":\"https:\\\/\\\/www.bmsch.com.tr\\\/\",\"logo\":{\"@type\":\"ImageObject\",\"inLanguage\":\"en-US\",\"@id\":\"https:\\\/\\\/www.bmsch.com.tr\\\/#\\\/schema\\\/logo\\\/image\\\/\",\"url\":\"https:\\\/\\\/www.bmsch.com.tr\\\/wp-content\\\/uploads\\\/2023\\\/09\\\/bms-celik-yeni-logo-1.png\",\"contentUrl\":\"https:\\\/\\\/www.bmsch.com.tr\\\/wp-content\\\/uploads\\\/2023\\\/09\\\/bms-celik-yeni-logo-1.png\",\"width\":1099,\"height\":391,\"caption\":\"BMS \u00c7elik Has\u0131r\"},\"image\":{\"@id\":\"https:\\\/\\\/www.bmsch.com.tr\\\/#\\\/schema\\\/logo\\\/image\\\/\"},\"sameAs\":[\"https:\\\/\\\/www.linkedin.com\\\/company\\\/bms-celik-hasir-san-tic-as\\\/\",\"https:\\\/\\\/www.instagram.com\\\/bmscelikhasir\\\/\",\"https:\\\/\\\/www.youtube.com\\\/channel\\\/UCKCGXz2czE00Un-PzLVcgBw\"]}]}<\/script>\n<!-- \/ Yoast SEO plugin. -->","yoast_head_json":{"title":"Bizden Haberler - BMS &Ccedil;elik Has\u0131r","description":"BMS \u00c7elik Has\u0131r ile ilgili en g\u00fcncel haberler, etkinlikler ve sekt\u00f6rel geli\u015fmeleri takip edin. Sekt\u00f6rdeki yerimizi ve att\u0131\u011f\u0131m\u0131z ad\u0131mlar\u0131 ke\u015ffedin.","robots":{"index":"index","follow":"follow","max-snippet":"max-snippet:-1","max-image-preview":"max-image-preview:large","max-video-preview":"max-video-preview:-1"},"canonical":"https:\/\/www.bmsch.com.tr\/en\/news\/","og_locale":"en_US","og_type":"article","og_title":"Bizden Haberler - BMS &Ccedil;elik Has\u0131r","og_description":"BMS \u00c7elik Has\u0131r ile ilgili en g\u00fcncel haberler, etkinlikler ve sekt\u00f6rel geli\u015fmeleri takip edin. Sekt\u00f6rdeki yerimizi ve att\u0131\u011f\u0131m\u0131z ad\u0131mlar\u0131 ke\u015ffedin.","og_url":"https:\/\/www.bmsch.com.tr\/en\/news\/","og_site_name":"BMS &Ccedil;elik Has\u0131r","article_modified_time":"2025-10-10T15:14:02+00:00","og_image":[{"url":"https:\/\/www.bmsch.com.tr\/wp-content\/uploads\/2025\/10\/1758886020534.jpg","type":"","width":"","height":""}],"twitter_card":"summary_large_image","twitter_misc":{"Est. reading time":"1 minute"},"schema":{"@context":"https:\/\/schema.org","@graph":[{"@type":"WebPage","@id":"https:\/\/www.bmsch.com.tr\/bizden-haberler\/","url":"https:\/\/www.bmsch.com.tr\/bizden-haberler\/","name":"Bizden Haberler - BMS &Ccedil;elik Has\u0131r","isPartOf":{"@id":"https:\/\/www.bmsch.com.tr\/#website"},"primaryImageOfPage":{"@id":"https:\/\/www.bmsch.com.tr\/bizden-haberler\/#primaryimage"},"image":{"@id":"https:\/\/www.bmsch.com.tr\/bizden-haberler\/#primaryimage"},"thumbnailUrl":"https:\/\/www.bmsch.com.tr\/wp-content\/uploads\/2025\/10\/1758886020534.jpg","datePublished":"2025-02-12T17:13:22+00:00","dateModified":"2025-10-10T15:14:02+00:00","description":"BMS \u00c7elik Has\u0131r ile ilgili en g\u00fcncel haberler, etkinlikler ve sekt\u00f6rel geli\u015fmeleri takip edin. Sekt\u00f6rdeki yerimizi ve att\u0131\u011f\u0131m\u0131z ad\u0131mlar\u0131 ke\u015ffedin.","breadcrumb":{"@id":"https:\/\/www.bmsch.com.tr\/bizden-haberler\/#breadcrumb"},"inLanguage":"en-US","potentialAction":[{"@type":"ReadAction","target":["https:\/\/www.bmsch.com.tr\/bizden-haberler\/"]}]},{"@type":"ImageObject","inLanguage":"en-US","@id":"https:\/\/www.bmsch.com.tr\/bizden-haberler\/#primaryimage","url":"https:\/\/www.bmsch.com.tr\/wp-content\/uploads\/2025\/10\/1758886020534.jpg","contentUrl":"https:\/\/www.bmsch.com.tr\/wp-content\/uploads\/2025\/10\/1758886020534.jpg"},{"@type":"BreadcrumbList","@id":"https:\/\/www.bmsch.com.tr\/bizden-haberler\/#breadcrumb","itemListElement":[{"@type":"ListItem","position":1,"name":"Anasayfa","item":"https:\/\/www.bmsch.com.tr\/"},{"@type":"ListItem","position":2,"name":"Bizden Haberler"}]},{"@type":"WebSite","@id":"https:\/\/www.bmsch.com.tr\/#website","url":"https:\/\/www.bmsch.com.tr\/","name":"BMS \u00c7elik Has\u0131r","description":"","publisher":{"@id":"https:\/\/www.bmsch.com.tr\/#organization"},"potentialAction":[{"@type":"SearchAction","target":{"@type":"EntryPoint","urlTemplate":"https:\/\/www.bmsch.com.tr\/?s={search_term_string}"},"query-input":{"@type":"PropertyValueSpecification","valueRequired":true,"valueName":"search_term_string"}}],"inLanguage":"en-US"},{"@type":"Organization","@id":"https:\/\/www.bmsch.com.tr\/#organization","name":"BMS \u00c7elik Has\u0131r","url":"https:\/\/www.bmsch.com.tr\/","logo":{"@type":"ImageObject","inLanguage":"en-US","@id":"https:\/\/www.bmsch.com.tr\/#\/schema\/logo\/image\/","url":"https:\/\/www.bmsch.com.tr\/wp-content\/uploads\/2023\/09\/bms-celik-yeni-logo-1.png","contentUrl":"https:\/\/www.bmsch.com.tr\/wp-content\/uploads\/2023\/09\/bms-celik-yeni-logo-1.png","width":1099,"height":391,"caption":"BMS \u00c7elik Has\u0131r"},"image":{"@id":"https:\/\/www.bmsch.com.tr\/#\/schema\/logo\/image\/"},"sameAs":["https:\/\/www.linkedin.com\/company\/bms-celik-hasir-san-tic-as\/","https:\/\/www.instagram.com\/bmscelikhasir\/","https:\/\/www.youtube.com\/channel\/UCKCGXz2czE00Un-PzLVcgBw"]}]}},"_links":{"self":[{"href":"https:\/\/www.bmsch.com.tr\/en\/wp-json\/wp\/v2\/pages\/2326","targetHints":{"allow":["GET"]}}],"collection":[{"href":"https:\/\/www.bmsch.com.tr\/en\/wp-json\/wp\/v2\/pages"}],"about":[{"href":"https:\/\/www.bmsch.com.tr\/en\/wp-json\/wp\/v2\/types\/page"}],"author":[{"embeddable":true,"href":"https:\/\/www.bmsch.com.tr\/en\/wp-json\/wp\/v2\/users\/1"}],"replies":[{"embeddable":true,"href":"https:\/\/www.bmsch.com.tr\/en\/wp-json\/wp\/v2\/comments?post=2326"}],"version-history":[{"count":17,"href":"https:\/\/www.bmsch.com.tr\/en\/wp-json\/wp\/v2\/pages\/2326\/revisions"}],"predecessor-version":[{"id":3270,"href":"https:\/\/www.bmsch.com.tr\/en\/wp-json\/wp\/v2\/pages\/2326\/revisions\/3270"}],"wp:attachment":[{"href":"https:\/\/www.bmsch.com.tr\/en\/wp-json\/wp\/v2\/media?parent=2326"}],"curies":[{"name":"wp","href":"https:\/\/api.w.org\/{rel}","templated":true}]}}