{"id":2089,"date":"2025-01-21T17:28:08","date_gmt":"2025-01-21T17:28:08","guid":{"rendered":"https:\/\/www.bmsch.com.tr\/?page_id=2089"},"modified":"2025-07-11T13:48:01","modified_gmt":"2025-07-11T13:48:01","slug":"history","status":"publish","type":"page","link":"https:\/\/www.bmsch.com.tr\/en\/history\/","title":{"rendered":"Tarih\u00e7e"},"content":{"rendered":"\t\t<div data-elementor-type=\"wp-page\" data-elementor-id=\"2089\" class=\"elementor elementor-2089\" data-elementor-post-type=\"page\">\n\t\t\t\t<div class=\"elementor-element elementor-element-b5e3129 e-flex e-con-boxed e-con e-parent\" data-id=\"b5e3129\" data-element_type=\"container\" data-e-type=\"container\">\n\t\t\t\t\t<div class=\"e-con-inner\">\n\t\t\t\t<div class=\"elementor-element elementor-element-b41aa57 elementor-widget elementor-widget-timeline-widget-addon\" data-id=\"b41aa57\" data-element_type=\"widget\" data-e-type=\"widget\" data-widget_type=\"timeline-widget-addon.default\">\n\t\t\t\t<div class=\"elementor-widget-container\">\n\t\t\t\t\t<!-- ========= Timeline Widget Addon For Elementor 1.6.24 ========= -->\n<div id=\"twae-wrapper-b41aa57\" class=\"twae-vertical twae-wrapper  twae-vertical-right\">   \n    <div class=\"twae-start\"><\/div>    \n    <div id=\"twea-timeline-b41aa57\" class=\"twae-timeline\" ><!-- Start of Story Repeater Content --><div id=\"story-a18c0f2\" class=\"twae-story twae-repeater-item twae-story-right twae-story-no-icon\"><!-- Story Label --><div class=\"twae-labels\"><div class=\"twae-label-big\">1971<\/div><\/div><!-- Story Icon --><div class=\"twae-icon\"><i aria-hidden=\"true\" class=\"far fa-clock\"><\/i><\/div><!-- Story Arrow --><div class=\"twae-arrow\"><\/div><!-- Start of Story Content --><div class=\"twae-content\"><!-- Story Title --><div class=\"twae-title\">\u0130lk \u00c7elik Has\u0131r \u00dcretim Tesisi<\/div><!-- Story Description --><div class=\"twae-description\"><p data-pm-slice=\"1 1 [&quot;list&quot;,{&quot;spread&quot;:false,&quot;start&quot;:97,&quot;end&quot;:252},&quot;regular_list_item&quot;,{&quot;start&quot;:97,&quot;end&quot;:252}]\">BMS \u00c7elik Has\u0131r\u2019\u0131n ana \u00fcretim fabrikas\u0131, Manisa Organize Sanayi B\u00f6lgesi\u2019nde kurularak T\u00fcrkiye\u2019nin ilk \u00c7elik Has\u0131r \u00fcretim tesisi olarak faaliyete ba\u015flad\u0131.<\/p><\/div><\/div><\/div><!-- Start of Story Repeater Content --><div id=\"story-67e14fd\" class=\"twae-story twae-repeater-item twae-story-right twae-story-no-icon\"><!-- Story Label --><div class=\"twae-labels\"><div class=\"twae-label-big\">1984<\/div><\/div><!-- Story Icon --><div class=\"twae-icon\"><i aria-hidden=\"true\" class=\"far fa-clock\"><\/i><\/div><!-- Story Arrow --><div class=\"twae-arrow\"><\/div><!-- Start of Story Content --><div class=\"twae-content\"><!-- Story Title --><div class=\"twae-title\"> Demir-\u00c7elik Ticaretinin Ba\u015flang\u0131c\u0131<\/div><!-- Story Description --><div class=\"twae-description\"><p data-pm-slice=\"1 1 [&quot;list&quot;,{&quot;spread&quot;:false,&quot;start&quot;:299,&quot;end&quot;:378},&quot;regular_list_item&quot;,{&quot;start&quot;:299,&quot;end&quot;:378}]\">\u0130skenderun\u2019da demir-\u00e7elik ticareti ile \u015firketin sekt\u00f6rdeki yolculu\u011fu ba\u015flad\u0131.<\/p><\/div><\/div><\/div><!-- Start of Story Repeater Content --><div id=\"story-f6371a9\" class=\"twae-story twae-repeater-item twae-story-right twae-story-no-icon\"><!-- Story Label --><div class=\"twae-labels\"><div class=\"twae-label-big\">1999<\/div><\/div><!-- Story Icon --><div class=\"twae-icon\"><i aria-hidden=\"true\" class=\"far fa-clock\"><\/i><\/div><!-- Story Arrow --><div class=\"twae-arrow\"><\/div><!-- Start of Story Content --><div class=\"twae-content\"><!-- Story Title --><div class=\"twae-title\">BMS Birle\u015fik Metal Sanayi\u2019nin Kurulu\u015fu<\/div><!-- Story Description --><div class=\"twae-description\"><p data-pm-slice=\"1 1 [&quot;list&quot;,{&quot;spread&quot;:false,&quot;start&quot;:459,&quot;end&quot;:639},&quot;regular_list_item&quot;,{&quot;start&quot;:459,&quot;end&quot;:639}]\">Ticaret hacmini geni\u015fletmek ve sekt\u00f6rde daha b\u00fcy\u00fck bir oyuncu olmak amac\u0131yla Y\u00f6netim Kurulu Ba\u015fkan\u0131 Ahmet Rauf Mollao\u011flu \u00f6nc\u00fcl\u00fc\u011f\u00fcnde BMS Birle\u015fik Metal San. ve Tic. A.\u015e. kuruldu.<\/p><\/div><\/div><\/div><!-- Start of Story Repeater Content --><div id=\"story-b0e842e\" class=\"twae-story twae-repeater-item twae-story-right twae-story-no-icon\"><!-- Story Label --><div class=\"twae-labels\"><div class=\"twae-label-big\">2004<\/div><\/div><!-- Story Icon --><div class=\"twae-icon\"><i aria-hidden=\"true\" class=\"far fa-clock\"><\/i><\/div><!-- Story Arrow --><div class=\"twae-arrow\"><\/div><!-- Start of Story Content --><div class=\"twae-content\"><!-- Story Title --><div class=\"twae-title\">\u00dcretim Tesisinin Devral\u0131nmas\u0131<\/div><!-- Story Description --><div class=\"twae-description\"><p data-pm-slice=\"1 1 [&quot;list&quot;,{&quot;spread&quot;:false,&quot;start&quot;:682,&quot;end&quot;:817},&quot;regular_list_item&quot;,{&quot;start&quot;:682,&quot;end&quot;:817}]\">Manisa\u2019da 1971 y\u0131l\u0131nda kurulmu\u015f olan \u00e7elik has\u0131r fabrikas\u0131n\u0131 devralarak \u00fcretim faaliyetlerine ba\u015fland\u0131 ve sanayicili\u011fe ge\u00e7i\u015f yap\u0131ld\u0131.<\/p><\/div><\/div><\/div><!-- Start of Story Repeater Content --><div id=\"story-f8c9d28\" class=\"twae-story twae-repeater-item twae-story-right twae-story-no-icon\"><!-- Story Label --><div class=\"twae-labels\"><div class=\"twae-label-big\">2021<\/div><\/div><!-- Story Icon --><div class=\"twae-icon\"><i aria-hidden=\"true\" class=\"far fa-clock\"><\/i><\/div><!-- Story Arrow --><div class=\"twae-arrow\"><\/div><!-- Start of Story Content --><div class=\"twae-content\"><!-- Story Title --><div class=\"twae-title\">Borsa \u0130stanbul\u2019a A\u00e7\u0131lma<\/div><!-- Story Description --><div class=\"twae-description\"><p data-pm-slice=\"1 1 [&quot;list&quot;,{&quot;spread&quot;:false,&quot;start&quot;:459,&quot;end&quot;:639},&quot;regular_list_item&quot;,{&quot;start&quot;:459,&quot;end&quot;:639}]\">Ticaret hacmini geni\u015fletmek ve sekt\u00f6rde daha b\u00fcy\u00fck bir oyuncu olmak amac\u0131yla Y\u00f6netim Kurulu Ba\u015fkan\u0131 Ahmet Rauf Mollao\u011flu \u00f6nc\u00fcl\u00fc\u011f\u00fcnde BMS Birle\u015fik Metal San. ve Tic. A.\u015e. kuruldu.<\/p><\/div><\/div><\/div><!-- Start of Story Repeater Content --><div id=\"story-ec67344\" class=\"twae-story twae-repeater-item twae-story-right twae-story-no-icon\"><!-- Story Label --><div class=\"twae-labels\"><div class=\"twae-label-big\">2022<\/div><\/div><!-- Story Icon --><div class=\"twae-icon\"><i aria-hidden=\"true\" class=\"far fa-clock\"><\/i><\/div><!-- Story Arrow --><div class=\"twae-arrow\"><\/div><!-- Start of Story Content --><div class=\"twae-content\"><!-- Story Title --><div class=\"twae-title\">S\u00fcrd\u00fcr\u00fclebilirlik ve GES Yat\u0131r\u0131mlar\u0131<\/div><!-- Story Description --><div class=\"twae-description\"><p>\u0130klim eylem plan\u0131n\u0131 devreye almak \u00fczere \u00e7al\u0131\u015fmalara ba\u015fland\u0131.<\/p><p>Manisa \u00fcretim tesisinin elektrik ihtiyac\u0131n\u0131n bir k\u0131sm\u0131 \u00e7at\u0131 GES (G\u00fcne\u015f Enerjisi Sistemi) ile kar\u015f\u0131lanmaya ba\u015fland\u0131.<\/p><p>\u0130lk s\u00fcrebilirlik raporu yay\u0131mland\u0131.<\/p><\/div><\/div><\/div><!-- Start of Story Repeater Content --><div id=\"story-9c3cd66\" class=\"twae-story twae-repeater-item twae-story-right twae-story-no-icon\"><!-- Story Label --><div class=\"twae-labels\"><div class=\"twae-label-big\">2023<\/div><\/div><!-- Story Icon --><div class=\"twae-icon\"><i aria-hidden=\"true\" class=\"far fa-clock\"><\/i><\/div><!-- Story Arrow --><div class=\"twae-arrow\"><\/div><!-- Start of Story Content --><div class=\"twae-content\"><!-- Story Title --><div class=\"twae-title\">Uluslararas\u0131 Sertifikalar ve Yeni Yat\u0131r\u0131mlar<\/div><!-- Story Description --><div class=\"twae-description\"><p>CARES belgesi al\u0131narak \u0130ngiltere\u2019ye ihracat yap\u0131lmas\u0131n\u0131n yolu a\u00e7\u0131ld\u0131.<\/p><p>Arazi GES yat\u0131r\u0131mlar\u0131 i\u00e7in ara\u015ft\u0131rmalar ba\u015flat\u0131ld\u0131.<\/p><p>\u0130zmir Alia\u011fa ve Yalova OSB\u2019lerdeki iki ayr\u0131 \u00fcretim tesisi yat\u0131r\u0131mlar\u0131n\u0131n in\u015faat \u00e7al\u0131\u015fmalar\u0131na devam edildi.<\/p><\/div><\/div><\/div><\/div>\n    <div class=\"twae-end\"><\/div>\n    <\/div><style type=\"text\/css\">@media (max-width: 1024px){ .twae-wrapper{--tw-ybx-size: 80px !important;}}@media (max-width: 767px){ .twae-wrapper{--tw-ybx-size: 80px !important}}<\/style>\t\t\t\t<\/div>\n\t\t\t\t<\/div>\n\t\t\t\t\t<\/div>\n\t\t\t\t<\/div>\n\t\t\t\t<\/div>\n\t\t","protected":false},"excerpt":{"rendered":"<p>1971\u0130lk \u00c7elik Has\u0131r \u00dcretim Tesisi BMS \u00c7elik Has\u0131r\u2019\u0131n ana \u00fcretim fabrikas\u0131, Manisa Organize Sanayi B\u00f6lgesi\u2019nde kurularak T\u00fcrkiye\u2019nin ilk \u00c7elik Has\u0131r \u00fcretim tesisi olarak faaliyete ba\u015flad\u0131. 1984 Demir-\u00c7elik Ticaretinin Ba\u015flang\u0131c\u0131 \u0130skenderun\u2019da demir-\u00e7elik ticareti ile \u015firketin sekt\u00f6rdeki yolculu\u011fu ba\u015flad\u0131. 1999BMS Birle\u015fik Metal Sanayi\u2019nin Kurulu\u015fu Ticaret hacmini geni\u015fletmek ve sekt\u00f6rde daha b\u00fcy\u00fck bir oyuncu olmak amac\u0131yla Y\u00f6netim Kurulu [&hellip;]<\/p>\n","protected":false},"author":1,"featured_media":0,"parent":0,"menu_order":0,"comment_status":"closed","ping_status":"closed","template":"","meta":{"footnotes":""},"class_list":["post-2089","page","type-page","status-publish","hentry"],"yoast_head":"<!-- This site is optimized with the Yoast SEO plugin v27.5 - https:\/\/yoast.com\/product\/yoast-seo-wordpress\/ -->\n<title>BMS \u00c7elik Has\u0131r | Kurulu\u015f ve Geli\u015fim Tarih\u00e7emiz<\/title>\n<meta name=\"description\" content=\"BMS\u2019nin \u00e7elik has\u0131r sekt\u00f6r\u00fcndeki yolculu\u011funu, kuruldu\u011fu g\u00fcnden bug\u00fcne geli\u015fimini ve \u00f6nemli kilometre ta\u015flar\u0131n\u0131 bu sayfadan inceleyin.\" \/>\n<meta name=\"robots\" content=\"index, follow, max-snippet:-1, max-image-preview:large, max-video-preview:-1\" \/>\n<link rel=\"canonical\" href=\"https:\/\/www.bmsch.com.tr\/en\/history\/\" \/>\n<meta property=\"og:locale\" content=\"en_US\" \/>\n<meta property=\"og:type\" content=\"article\" \/>\n<meta property=\"og:title\" content=\"BMS \u00c7elik Has\u0131r | Kurulu\u015f ve Geli\u015fim Tarih\u00e7emiz\" \/>\n<meta property=\"og:description\" content=\"BMS\u2019nin \u00e7elik has\u0131r sekt\u00f6r\u00fcndeki yolculu\u011funu, kuruldu\u011fu g\u00fcnden bug\u00fcne geli\u015fimini ve \u00f6nemli kilometre ta\u015flar\u0131n\u0131 bu sayfadan inceleyin.\" \/>\n<meta property=\"og:url\" content=\"https:\/\/www.bmsch.com.tr\/en\/history\/\" \/>\n<meta property=\"og:site_name\" content=\"BMS &Ccedil;elik Has\u0131r\" \/>\n<meta property=\"article:modified_time\" content=\"2025-07-11T13:48:01+00:00\" \/>\n<meta name=\"twitter:card\" content=\"summary_large_image\" \/>\n<meta name=\"twitter:label1\" content=\"Est. reading time\" \/>\n\t<meta name=\"twitter:data1\" content=\"2 minutes\" \/>\n<script type=\"application\/ld+json\" class=\"yoast-schema-graph\">{\"@context\":\"https:\\\/\\\/schema.org\",\"@graph\":[{\"@type\":\"WebPage\",\"@id\":\"https:\\\/\\\/www.bmsch.com.tr\\\/tarihce\\\/\",\"url\":\"https:\\\/\\\/www.bmsch.com.tr\\\/tarihce\\\/\",\"name\":\"BMS \u00c7elik Has\u0131r | Kurulu\u015f ve Geli\u015fim Tarih\u00e7emiz\",\"isPartOf\":{\"@id\":\"https:\\\/\\\/www.bmsch.com.tr\\\/#website\"},\"datePublished\":\"2025-01-21T17:28:08+00:00\",\"dateModified\":\"2025-07-11T13:48:01+00:00\",\"description\":\"BMS\u2019nin \u00e7elik has\u0131r sekt\u00f6r\u00fcndeki yolculu\u011funu, kuruldu\u011fu g\u00fcnden bug\u00fcne geli\u015fimini ve \u00f6nemli kilometre ta\u015flar\u0131n\u0131 bu sayfadan inceleyin.\",\"breadcrumb\":{\"@id\":\"https:\\\/\\\/www.bmsch.com.tr\\\/tarihce\\\/#breadcrumb\"},\"inLanguage\":\"en-US\",\"potentialAction\":[{\"@type\":\"ReadAction\",\"target\":[\"https:\\\/\\\/www.bmsch.com.tr\\\/tarihce\\\/\"]}]},{\"@type\":\"BreadcrumbList\",\"@id\":\"https:\\\/\\\/www.bmsch.com.tr\\\/tarihce\\\/#breadcrumb\",\"itemListElement\":[{\"@type\":\"ListItem\",\"position\":1,\"name\":\"Anasayfa\",\"item\":\"https:\\\/\\\/www.bmsch.com.tr\\\/\"},{\"@type\":\"ListItem\",\"position\":2,\"name\":\"Tarih\u00e7e\"}]},{\"@type\":\"WebSite\",\"@id\":\"https:\\\/\\\/www.bmsch.com.tr\\\/#website\",\"url\":\"https:\\\/\\\/www.bmsch.com.tr\\\/\",\"name\":\"BMS \u00c7elik Has\u0131r\",\"description\":\"\",\"publisher\":{\"@id\":\"https:\\\/\\\/www.bmsch.com.tr\\\/#organization\"},\"potentialAction\":[{\"@type\":\"SearchAction\",\"target\":{\"@type\":\"EntryPoint\",\"urlTemplate\":\"https:\\\/\\\/www.bmsch.com.tr\\\/?s={search_term_string}\"},\"query-input\":{\"@type\":\"PropertyValueSpecification\",\"valueRequired\":true,\"valueName\":\"search_term_string\"}}],\"inLanguage\":\"en-US\"},{\"@type\":\"Organization\",\"@id\":\"https:\\\/\\\/www.bmsch.com.tr\\\/#organization\",\"name\":\"BMS \u00c7elik Has\u0131r\",\"url\":\"https:\\\/\\\/www.bmsch.com.tr\\\/\",\"logo\":{\"@type\":\"ImageObject\",\"inLanguage\":\"en-US\",\"@id\":\"https:\\\/\\\/www.bmsch.com.tr\\\/#\\\/schema\\\/logo\\\/image\\\/\",\"url\":\"https:\\\/\\\/www.bmsch.com.tr\\\/wp-content\\\/uploads\\\/2023\\\/09\\\/bms-celik-yeni-logo-1.png\",\"contentUrl\":\"https:\\\/\\\/www.bmsch.com.tr\\\/wp-content\\\/uploads\\\/2023\\\/09\\\/bms-celik-yeni-logo-1.png\",\"width\":1099,\"height\":391,\"caption\":\"BMS \u00c7elik Has\u0131r\"},\"image\":{\"@id\":\"https:\\\/\\\/www.bmsch.com.tr\\\/#\\\/schema\\\/logo\\\/image\\\/\"},\"sameAs\":[\"https:\\\/\\\/www.linkedin.com\\\/company\\\/bms-celik-hasir-san-tic-as\\\/\",\"https:\\\/\\\/www.instagram.com\\\/bmscelikhasir\\\/\",\"https:\\\/\\\/www.youtube.com\\\/channel\\\/UCKCGXz2czE00Un-PzLVcgBw\"]}]}<\/script>\n<!-- \/ Yoast SEO plugin. -->","yoast_head_json":{"title":"BMS \u00c7elik Has\u0131r | Kurulu\u015f ve Geli\u015fim Tarih\u00e7emiz","description":"BMS\u2019nin \u00e7elik has\u0131r sekt\u00f6r\u00fcndeki yolculu\u011funu, kuruldu\u011fu g\u00fcnden bug\u00fcne geli\u015fimini ve \u00f6nemli kilometre ta\u015flar\u0131n\u0131 bu sayfadan inceleyin.","robots":{"index":"index","follow":"follow","max-snippet":"max-snippet:-1","max-image-preview":"max-image-preview:large","max-video-preview":"max-video-preview:-1"},"canonical":"https:\/\/www.bmsch.com.tr\/en\/history\/","og_locale":"en_US","og_type":"article","og_title":"BMS \u00c7elik Has\u0131r | Kurulu\u015f ve Geli\u015fim Tarih\u00e7emiz","og_description":"BMS\u2019nin \u00e7elik has\u0131r sekt\u00f6r\u00fcndeki yolculu\u011funu, kuruldu\u011fu g\u00fcnden bug\u00fcne geli\u015fimini ve \u00f6nemli kilometre ta\u015flar\u0131n\u0131 bu sayfadan inceleyin.","og_url":"https:\/\/www.bmsch.com.tr\/en\/history\/","og_site_name":"BMS &Ccedil;elik Has\u0131r","article_modified_time":"2025-07-11T13:48:01+00:00","twitter_card":"summary_large_image","twitter_misc":{"Est. reading time":"2 minutes"},"schema":{"@context":"https:\/\/schema.org","@graph":[{"@type":"WebPage","@id":"https:\/\/www.bmsch.com.tr\/tarihce\/","url":"https:\/\/www.bmsch.com.tr\/tarihce\/","name":"BMS \u00c7elik Has\u0131r | Kurulu\u015f ve Geli\u015fim Tarih\u00e7emiz","isPartOf":{"@id":"https:\/\/www.bmsch.com.tr\/#website"},"datePublished":"2025-01-21T17:28:08+00:00","dateModified":"2025-07-11T13:48:01+00:00","description":"BMS\u2019nin \u00e7elik has\u0131r sekt\u00f6r\u00fcndeki yolculu\u011funu, kuruldu\u011fu g\u00fcnden bug\u00fcne geli\u015fimini ve \u00f6nemli kilometre ta\u015flar\u0131n\u0131 bu sayfadan inceleyin.","breadcrumb":{"@id":"https:\/\/www.bmsch.com.tr\/tarihce\/#breadcrumb"},"inLanguage":"en-US","potentialAction":[{"@type":"ReadAction","target":["https:\/\/www.bmsch.com.tr\/tarihce\/"]}]},{"@type":"BreadcrumbList","@id":"https:\/\/www.bmsch.com.tr\/tarihce\/#breadcrumb","itemListElement":[{"@type":"ListItem","position":1,"name":"Anasayfa","item":"https:\/\/www.bmsch.com.tr\/"},{"@type":"ListItem","position":2,"name":"Tarih\u00e7e"}]},{"@type":"WebSite","@id":"https:\/\/www.bmsch.com.tr\/#website","url":"https:\/\/www.bmsch.com.tr\/","name":"BMS \u00c7elik Has\u0131r","description":"","publisher":{"@id":"https:\/\/www.bmsch.com.tr\/#organization"},"potentialAction":[{"@type":"SearchAction","target":{"@type":"EntryPoint","urlTemplate":"https:\/\/www.bmsch.com.tr\/?s={search_term_string}"},"query-input":{"@type":"PropertyValueSpecification","valueRequired":true,"valueName":"search_term_string"}}],"inLanguage":"en-US"},{"@type":"Organization","@id":"https:\/\/www.bmsch.com.tr\/#organization","name":"BMS \u00c7elik Has\u0131r","url":"https:\/\/www.bmsch.com.tr\/","logo":{"@type":"ImageObject","inLanguage":"en-US","@id":"https:\/\/www.bmsch.com.tr\/#\/schema\/logo\/image\/","url":"https:\/\/www.bmsch.com.tr\/wp-content\/uploads\/2023\/09\/bms-celik-yeni-logo-1.png","contentUrl":"https:\/\/www.bmsch.com.tr\/wp-content\/uploads\/2023\/09\/bms-celik-yeni-logo-1.png","width":1099,"height":391,"caption":"BMS \u00c7elik Has\u0131r"},"image":{"@id":"https:\/\/www.bmsch.com.tr\/#\/schema\/logo\/image\/"},"sameAs":["https:\/\/www.linkedin.com\/company\/bms-celik-hasir-san-tic-as\/","https:\/\/www.instagram.com\/bmscelikhasir\/","https:\/\/www.youtube.com\/channel\/UCKCGXz2czE00Un-PzLVcgBw"]}]}},"_links":{"self":[{"href":"https:\/\/www.bmsch.com.tr\/en\/wp-json\/wp\/v2\/pages\/2089","targetHints":{"allow":["GET"]}}],"collection":[{"href":"https:\/\/www.bmsch.com.tr\/en\/wp-json\/wp\/v2\/pages"}],"about":[{"href":"https:\/\/www.bmsch.com.tr\/en\/wp-json\/wp\/v2\/types\/page"}],"author":[{"embeddable":true,"href":"https:\/\/www.bmsch.com.tr\/en\/wp-json\/wp\/v2\/users\/1"}],"replies":[{"embeddable":true,"href":"https:\/\/www.bmsch.com.tr\/en\/wp-json\/wp\/v2\/comments?post=2089"}],"version-history":[{"count":11,"href":"https:\/\/www.bmsch.com.tr\/en\/wp-json\/wp\/v2\/pages\/2089\/revisions"}],"predecessor-version":[{"id":3133,"href":"https:\/\/www.bmsch.com.tr\/en\/wp-json\/wp\/v2\/pages\/2089\/revisions\/3133"}],"wp:attachment":[{"href":"https:\/\/www.bmsch.com.tr\/en\/wp-json\/wp\/v2\/media?parent=2089"}],"curies":[{"name":"wp","href":"https:\/\/api.w.org\/{rel}","templated":true}]}}