{"id":1942,"date":"2024-11-21T06:47:22","date_gmt":"2024-11-21T06:47:22","guid":{"rendered":"https:\/\/www.bmsch.com.tr\/?page_id=1942"},"modified":"2025-07-11T13:50:56","modified_gmt":"2025-07-11T13:50:56","slug":"board-of-directors","status":"publish","type":"page","link":"https:\/\/www.bmsch.com.tr\/en\/board-of-directors\/","title":{"rendered":"Board of Directors"},"content":{"rendered":"<div data-elementor-type=\"wp-page\" data-elementor-id=\"1942\" class=\"elementor elementor-1942\" data-elementor-post-type=\"page\">\n\t\t\t\t<div class=\"elementor-element elementor-element-47605cc5 e-flex e-con-boxed e-con e-parent\" data-id=\"47605cc5\" data-element_type=\"container\" data-e-type=\"container\">\n\t\t\t\t\t<div class=\"e-con-inner\">\n\t\t<div class=\"elementor-element elementor-element-3ed638dc e-con-full e-flex e-con e-child\" data-id=\"3ed638dc\" data-element_type=\"container\" data-e-type=\"container\">\n\t\t<div class=\"elementor-element elementor-element-2ed791cb e-con-full e-flex e-con e-child\" data-id=\"2ed791cb\" data-element_type=\"container\" data-e-type=\"container\">\n\t\t<div class=\"elementor-element elementor-element-281d716f e-con-full e-flex e-con e-child\" data-id=\"281d716f\" data-element_type=\"container\" data-e-type=\"container\" data-settings=\"{&quot;background_background&quot;:&quot;classic&quot;}\">\n\t\t\t\t<div class=\"elementor-element elementor-element-7984cc2 elementor-widget elementor-widget-image\" data-id=\"7984cc2\" data-element_type=\"widget\" data-e-type=\"widget\" data-widget_type=\"image.default\">\n\t\t\t\t<div class=\"elementor-widget-container\">\n\t\t\t\t\t\t\t\t\t\t\t\t\t\t\t<img fetchpriority=\"high\" decoding=\"async\" width=\"693\" height=\"1024\" src=\"https:\/\/www.bmsch.com.tr\/wp-content\/uploads\/2025\/03\/BMS-123-1-693x1024.jpg\" class=\"attachment-large size-large wp-image-2433\" alt=\"\" srcset=\"https:\/\/www.bmsch.com.tr\/wp-content\/uploads\/2025\/03\/BMS-123-1-693x1024.jpg 693w, https:\/\/www.bmsch.com.tr\/wp-content\/uploads\/2025\/03\/BMS-123-1-203x300.jpg 203w, https:\/\/www.bmsch.com.tr\/wp-content\/uploads\/2025\/03\/BMS-123-1-8x12.jpg 8w, https:\/\/www.bmsch.com.tr\/wp-content\/uploads\/2025\/03\/BMS-123-1.jpg 900w\" sizes=\"(max-width: 693px) 100vw, 693px\" \/>\t\t\t\t\t\t\t\t\t\t\t\t\t\t\t<\/div>\n\t\t\t\t<\/div>\n\t\t\t\t<\/div>\n\t\t<div class=\"elementor-element elementor-element-120e5a7e e-con-full e-flex e-con e-child\" data-id=\"120e5a7e\" data-element_type=\"container\" data-e-type=\"container\">\n\t\t\t\t<div class=\"elementor-element elementor-element-7aafd11 lqd-text-tag-h3 elementor-widget elementor-widget-lqd-text\" data-id=\"7aafd11\" data-element_type=\"widget\" data-e-type=\"widget\" data-widget_type=\"lqd-text.default\">\n\t\t\t\t<div class=\"elementor-widget-container\">\n\t\t\t\t\t<h3 class=\"lqd-text-el m-0 p-0\"><span class=\"lqd-text-item relative elementor-repeater-item-5c16c9a\">Ahmet Rauf MOLLAO\u011eLU<\/span><\/h3>\t\t\t\t<\/div>\n\t\t\t\t<\/div>\n\t\t\t\t<div class=\"elementor-element elementor-element-c1ba551 lqd-text-tag-h4 elementor-widget elementor-widget-lqd-text\" data-id=\"c1ba551\" data-element_type=\"widget\" data-e-type=\"widget\" data-widget_type=\"lqd-text.default\">\n\t\t\t\t<div class=\"elementor-widget-container\">\n\t\t\t\t\t<h4 class=\"lqd-text-el m-0 p-0\"><sub class=\"lqd-text-item relative elementor-repeater-item-5c16c9a\">Chairman of the Board<\/sub><\/h4>\t\t\t\t<\/div>\n\t\t\t\t<\/div>\n\t\t\t\t<div class=\"elementor-element elementor-element-50ad938f lqd-text-tag-p elementor-widget elementor-widget-lqd-text\" data-id=\"50ad938f\" data-element_type=\"widget\" data-e-type=\"widget\" data-widget_type=\"lqd-text.default\">\n\t\t\t\t<div class=\"elementor-widget-container\">\n\t\t\t\t\t<p class=\"lqd-text-el m-0 p-0\"><span class=\"lqd-text-item relative elementor-repeater-item-5c16c9a\">Ahmet Rauf MOLLAO\u011eLU, 1977 y\u0131l\u0131nda Karab\u00fck TED Koleji\u2019ni bitirdikten sonra y\u00fcksek \u00f6\u011frenimini 1981 y\u0131l\u0131nda\nAnkara \u0130ktisadi Ticari Birimler Fak\u00fcltesi\u2019nden mezun olarak tamamlam\u0131\u015ft\u0131r. \u00c7al\u0131\u015fma hayat\u0131na 1984 y\u0131l\u0131nda\n\u0130skenderun\u2019da demir ticareti yaparak ba\u015flam\u0131\u015f olup 2004 y\u0131l\u0131na kadar demir \u00e7elik sekt\u00f6r\u00fcnde ticari faaliyetlerde\nbulunmu\u015ftur. 1999 y\u0131l\u0131nda BMS Birle\u015fik Metal San. Tic. A.\u015e. firmas\u0131nda \u201cY\u00f6netim Kurulu Ba\u015fkan\u0131\u201d olan Ahmet\nRauf MOLLAO\u011eLU, 2004 y\u0131l\u0131nda da BMS \u00c7elik Has\u0131r San Tic. A.\u015e.\u2019 de \u201cY\u00f6netim Kurulu Ba\u015fkan\u0131\u201d olarak g\u00f6reve\ngelmi\u015ftir. Ahmet Rauf MOLLAO\u011eLU 2004 y\u0131l\u0131ndan itibaren demir \u00e7elik sekt\u00f6r\u00fcnde sanayicili\u011fe ad\u0131m atm\u0131\u015ft\u0131r.\nBMS Grup\u2019un sanayicili\u011fe ad\u0131m atmas\u0131nda \u00f6nc\u00fcl\u00fck eden Ahmet Rauf MOLLAO\u011eLU, profesyonel kariyeri\nboyunca bir\u00e7ok sivil toplum kurulu\u015funda farkl\u0131 g\u00f6revler \u00fcstlenmi\u015ftir. \u0130skenderun b\u00f6lgesinde, D\u00f6rtyol Ticaret ve\nSanayi Odas\u0131 \u201cY\u00f6netim Kurulu Ba\u015fkan Yard\u0131mc\u0131s\u0131\u201d, Polis Yard\u0131mla\u015fma Vakf\u0131 \u201cY\u00f6netim Kurulu Ba\u015fkan\u0131\u201d, Demir\nT\u00fcccarlar\u0131 Derne\u011fi \u201cY\u00f6netim Kurulu Ba\u015fkan\u0131\u201d g\u00f6revlerini y\u00fcr\u00fctm\u00fc\u015f, ilerleyen y\u0131llarda \u0130stanbul b\u00f6lgesinde \u201c\u00c7elik\nD\u0131\u015f Ticaret Derne\u011fi\u2019nde\u201d \u201cKurucu \u00dcye\u201d, Kocaeli Sanayi Odas\u0131 \u201c16. Meslek Komitesi Ba\u015fkan\u0131\u201d olarak sorumluluk\nalmaya devam etmi\u015ftir. Evli ve iki \u00e7ocuk babas\u0131d\u0131r.<\/span><\/p>\t\t\t\t<\/div>\n\t\t\t\t<\/div>\n\t\t\t\t<\/div>\n\t\t\t\t<\/div>\n\t\t<div class=\"elementor-element elementor-element-250d2d84 e-con-full e-flex e-con e-child\" data-id=\"250d2d84\" data-element_type=\"container\" data-e-type=\"container\">\n\t\t<div class=\"elementor-element elementor-element-100c486 e-con-full e-flex e-con e-child\" data-id=\"100c486\" data-element_type=\"container\" data-e-type=\"container\" data-settings=\"{&quot;background_background&quot;:&quot;classic&quot;}\">\n\t\t\t\t<div class=\"elementor-element elementor-element-f4edf17 elementor-widget elementor-widget-image\" data-id=\"f4edf17\" data-element_type=\"widget\" data-e-type=\"widget\" data-widget_type=\"image.default\">\n\t\t\t\t<div class=\"elementor-widget-container\">\n\t\t\t\t\t\t\t\t\t\t\t\t\t\t\t<img decoding=\"async\" width=\"683\" height=\"1024\" src=\"https:\/\/www.bmsch.com.tr\/wp-content\/uploads\/2025\/03\/BMS-12-1-683x1024.jpg\" class=\"attachment-large size-large wp-image-2434\" alt=\"\" srcset=\"https:\/\/www.bmsch.com.tr\/wp-content\/uploads\/2025\/03\/BMS-12-1-683x1024.jpg 683w, https:\/\/www.bmsch.com.tr\/wp-content\/uploads\/2025\/03\/BMS-12-1-200x300.jpg 200w, https:\/\/www.bmsch.com.tr\/wp-content\/uploads\/2025\/03\/BMS-12-1-8x12.jpg 8w, https:\/\/www.bmsch.com.tr\/wp-content\/uploads\/2025\/03\/BMS-12-1.jpg 900w\" sizes=\"(max-width: 683px) 100vw, 683px\" \/>\t\t\t\t\t\t\t\t\t\t\t\t\t\t\t<\/div>\n\t\t\t\t<\/div>\n\t\t\t\t<\/div>\n\t\t<div class=\"elementor-element elementor-element-5d34ae11 e-con-full e-flex e-con e-child\" data-id=\"5d34ae11\" data-element_type=\"container\" data-e-type=\"container\">\n\t\t\t\t<div class=\"elementor-element elementor-element-2c049f2 lqd-text-tag-h3 elementor-widget elementor-widget-lqd-text\" data-id=\"2c049f2\" data-element_type=\"widget\" data-e-type=\"widget\" data-widget_type=\"lqd-text.default\">\n\t\t\t\t<div class=\"elementor-widget-container\">\n\t\t\t\t\t<h3 class=\"lqd-text-el m-0 p-0\"><span class=\"lqd-text-item relative elementor-repeater-item-5c16c9a\">Emre MOLLAO\u011eLU<\/span><\/h3>\t\t\t\t<\/div>\n\t\t\t\t<\/div>\n\t\t\t\t<div class=\"elementor-element elementor-element-f7c735c lqd-text-tag-h4 elementor-widget elementor-widget-lqd-text\" data-id=\"f7c735c\" data-element_type=\"widget\" data-e-type=\"widget\" data-widget_type=\"lqd-text.default\">\n\t\t\t\t<div class=\"elementor-widget-container\">\n\t\t\t\t\t<h4 class=\"lqd-text-el m-0 p-0\"><sub class=\"lqd-text-item relative elementor-repeater-item-5c16c9a\">Deputy Chairman of the Board\n<\/sub><\/h4>\t\t\t\t<\/div>\n\t\t\t\t<\/div>\n\t\t\t\t<div class=\"elementor-element elementor-element-7db1674d lqd-text-tag-p elementor-widget elementor-widget-lqd-text\" data-id=\"7db1674d\" data-element_type=\"widget\" data-e-type=\"widget\" data-widget_type=\"lqd-text.default\">\n\t\t\t\t<div class=\"elementor-widget-container\">\n\t\t\t\t\t<p class=\"lqd-text-el m-0 p-0\"><span class=\"lqd-text-item relative elementor-repeater-item-5c16c9a\">1988 y\u0131l\u0131nda \u0130skenderun\u2019da do\u011fmu\u015ftur. \u0130lkokulu \u0130skenderun\u2019da ortaokul ve liseyi \u0130stanbul\u2019da tamamlayan Emre\nMOLLAO\u011eLU, \u0130stanbul Bah\u00e7e\u015fehir \u00dcniversitesi \u0130ktisadi ve \u0130dari Bilimler Fak\u00fcltesi \u0130\u015fletme B\u00f6l\u00fcm\u00fc\u2019nde e\u011fitim\ng\u00f6rd\u00fckten sonra University Of Wales Business and Management b\u00f6l\u00fcm\u00fcnden mezun olmu\u015ftur. \u0130ngiltere St.\nClaris Oxford \u2018da dil e\u011fitimi, \u0130\u015f Hukuku ve Ticaret S\u00f6zle\u015fmeleri e\u011fitimi, mizan baz\u0131nda ger\u00e7ek ve etkin y\u00f6netim\ne\u011fitimlerine kat\u0131lm\u0131\u015ft\u0131r. 2011-2021 y\u0131llar\u0131 aras\u0131nda BMS Grup \u015eirketlerinde Fabrika \u0130dari ve Mali \u0130\u015fler Genel\nM\u00fcd\u00fcr Yard\u0131mc\u0131l\u0131\u011f\u0131 yapm\u0131\u015f, g\u00f6rev s\u00fcresi boyunca sat\u0131n alma, tedarik, \u00fcretim ve lojistik b\u00f6l\u00fcmlerinde fiilen\n\u00e7al\u0131\u015fm\u0131\u015ft\u0131r. 2022 y\u0131l\u0131nda Mali \u0130\u015flerden Sorumlu Genel M\u00fcd\u00fcr Yard\u0131mc\u0131s\u0131 olarak getirildi\u011fi g\u00f6revine 2023 y\u0131l\u0131ndan\nitibaren Y\u00f6netim Kurulu Ba\u015fkan Vekili olarak devam etmektedir. Be\u015fikta\u015f Jimnastik Kul\u00fcb\u00fc\u2019nde kongre \u00fcyesidir.\nM\u00fcjdat Gezen Sanat Merkezi\u2019nde oyunculuk e\u011fitimi, basketbol, k\u00fcrek, tenis ve boks e\u011fitimleri alm\u0131\u015ft\u0131r. Evli ve\nbir \u00e7ocuk babas\u0131d\u0131r.<\/span><\/p>\t\t\t\t<\/div>\n\t\t\t\t<\/div>\n\t\t\t\t<\/div>\n\t\t\t\t<\/div>\n\t\t<div class=\"elementor-element elementor-element-629a9eb e-con-full e-flex e-con e-child\" data-id=\"629a9eb\" data-element_type=\"container\" data-e-type=\"container\">\n\t\t<div class=\"elementor-element elementor-element-adba818 e-con-full e-flex e-con e-child\" data-id=\"adba818\" data-element_type=\"container\" data-e-type=\"container\" data-settings=\"{&quot;background_background&quot;:&quot;classic&quot;}\">\n\t\t\t\t<div class=\"elementor-element elementor-element-d3d96ff elementor-widget elementor-widget-image\" data-id=\"d3d96ff\" data-element_type=\"widget\" data-e-type=\"widget\" data-widget_type=\"image.default\">\n\t\t\t\t<div class=\"elementor-widget-container\">\n\t\t\t\t\t\t\t\t\t\t\t\t\t\t\t<img decoding=\"async\" width=\"680\" height=\"1024\" src=\"https:\/\/www.bmsch.com.tr\/wp-content\/uploads\/2025\/03\/BMS-2-41-1-680x1024.png\" class=\"attachment-large size-large wp-image-2439\" alt=\"\" srcset=\"https:\/\/www.bmsch.com.tr\/wp-content\/uploads\/2025\/03\/BMS-2-41-1-680x1024.png 680w, https:\/\/www.bmsch.com.tr\/wp-content\/uploads\/2025\/03\/BMS-2-41-1-199x300.png 199w, https:\/\/www.bmsch.com.tr\/wp-content\/uploads\/2025\/03\/BMS-2-41-1-8x12.png 8w, https:\/\/www.bmsch.com.tr\/wp-content\/uploads\/2025\/03\/BMS-2-41-1.png 800w\" sizes=\"(max-width: 680px) 100vw, 680px\" \/>\t\t\t\t\t\t\t\t\t\t\t\t\t\t\t<\/div>\n\t\t\t\t<\/div>\n\t\t\t\t<\/div>\n\t\t<div class=\"elementor-element elementor-element-5ebe24f e-con-full e-flex e-con e-child\" data-id=\"5ebe24f\" data-element_type=\"container\" data-e-type=\"container\">\n\t\t\t\t<div class=\"elementor-element elementor-element-44b186b lqd-text-tag-h3 elementor-widget elementor-widget-lqd-text\" data-id=\"44b186b\" data-element_type=\"widget\" data-e-type=\"widget\" data-widget_type=\"lqd-text.default\">\n\t\t\t\t<div class=\"elementor-widget-container\">\n\t\t\t\t\t<h3 class=\"lqd-text-el m-0 p-0\"><span class=\"lqd-text-item relative elementor-repeater-item-5c16c9a\">Mustafa MOLLAO\u011eLU<\/span><\/h3>\t\t\t\t<\/div>\n\t\t\t\t<\/div>\n\t\t\t\t<div class=\"elementor-element elementor-element-5185a6f lqd-text-tag-h4 elementor-widget elementor-widget-lqd-text\" data-id=\"5185a6f\" data-element_type=\"widget\" data-e-type=\"widget\" data-widget_type=\"lqd-text.default\">\n\t\t\t\t<div class=\"elementor-widget-container\">\n\t\t\t\t\t<h4 class=\"lqd-text-el m-0 p-0\"><sub class=\"lqd-text-item relative elementor-repeater-item-5c16c9a\">Board Member\n<\/sub><\/h4>\t\t\t\t<\/div>\n\t\t\t\t<\/div>\n\t\t\t\t<div class=\"elementor-element elementor-element-8473cf3 lqd-text-tag-p elementor-widget elementor-widget-lqd-text\" data-id=\"8473cf3\" data-element_type=\"widget\" data-e-type=\"widget\" data-widget_type=\"lqd-text.default\">\n\t\t\t\t<div class=\"elementor-widget-container\">\n\t\t\t\t\t<p class=\"lqd-text-el m-0 p-0\"><span class=\"lqd-text-item relative elementor-repeater-item-5c16c9a\">1986 y\u0131l\u0131nda D\u00f6rtyol\u2019da do\u011fdu. \u0130lkokulu \u0130skenderun\u2019da ortaokul ve liseyi \u0130stanbul\u2019da tamamlad\u0131. \u0130stanbul\nSabanc\u0131 \u00dcniversitesi \u0130\u015fletme B\u00f6l\u00fcm\u00fc\u2019nde e\u011fitim g\u00f6rd\u00fckten sonra Birmingham City \u00dcniversitesi Uluslararas\u0131\nticaret b\u00f6l\u00fcm\u00fcnden mezun oldu. 2010 y\u0131l\u0131nda BMS \u00c7elik Has\u0131r D\u0131\u015f ticaret departman\u0131nda ba\u015flad\u0131\u011f\u0131 g\u00f6revine\n2014 tarihi itibar\u0131yla Genel M\u00fcd\u00fcr olarak devam etmi\u015f, 2023 y\u0131l\u0131nda Genel M\u00fcd\u00fcrl\u00fck g\u00f6revine ek olarak\nY\u00f6netim Kurulu \u00dcyesi se\u00e7ilmi\u015ftir. \u00c7elik D\u0131\u015f Ticaret Derne\u011fi Y\u00f6netim Kurulu yedek \u00fcyesi, Ege ihracat\u00e7\u0131lar birli\u011fi\nY\u00f6netim Kurulu yedek \u00fcyesi, Be\u015fikta\u015f Jimnastik Kul\u00fcb\u00fc\u2019nde Y\u00f6netim Kurulu \u00dcyesi olan Mustafa MOLLAO\u011eLU\naktif olarak tenis sporuyla ilgilenmektedir. Evli ve iki \u00e7ocuk babas\u0131d\u0131r.<\/span><\/p>\t\t\t\t<\/div>\n\t\t\t\t<\/div>\n\t\t\t\t<\/div>\n\t\t\t\t<\/div>\n\t\t\t\t<\/div>\n\t\t\t\t\t<\/div>\n\t\t\t\t<\/div>\n\t\t\t\t<\/div>","protected":false},"excerpt":{"rendered":"<p>Ahmet Rauf MOLLAO\u011eLU Y\u00f6n.Kur.B\u015fk. Ahmet Rauf MOLLAO\u011eLU, 1977 y\u0131l\u0131nda Karab\u00fck TED Koleji\u2019ni bitirdikten sonra y\u00fcksek \u00f6\u011frenimini 1981 y\u0131l\u0131nda Ankara \u0130ktisadi Ticari Birimler Fak\u00fcltesi\u2019nden mezun olarak tamamlam\u0131\u015ft\u0131r. \u00c7al\u0131\u015fma hayat\u0131na 1984 y\u0131l\u0131nda \u0130skenderun\u2019da demir ticareti yaparak ba\u015flam\u0131\u015f olup 2004 y\u0131l\u0131na kadar demir \u00e7elik sekt\u00f6r\u00fcnde ticari faaliyetlerde bulunmu\u015ftur. 1999 y\u0131l\u0131nda BMS Birle\u015fik Metal San. Tic. A.\u015e. firmas\u0131nda \u201cY\u00f6netim [&hellip;]<\/p>\n","protected":false},"author":1,"featured_media":0,"parent":0,"menu_order":0,"comment_status":"closed","ping_status":"closed","template":"","meta":{"footnotes":""},"class_list":["post-1942","page","type-page","status-publish","hentry"],"yoast_head":"<!-- This site is optimized with the Yoast SEO plugin v27.5 - https:\/\/yoast.com\/product\/yoast-seo-wordpress\/ -->\n<title>BMS \u00c7elik Has\u0131r | Y\u00f6netim Kurulu \u00dcyeleri<\/title>\n<meta name=\"description\" content=\"BMS \u00c7elik Has\u0131r\u2019\u0131n y\u00f6netim kadrosunu ve kurumsal liderlik anlay\u0131\u015f\u0131n\u0131 bu sayfadan inceleyin. Deneyimli y\u00f6netim kurulumuzla s\u00fcrd\u00fcr\u00fclebilir b\u00fcy\u00fcmeyi hedefliyoruz.\" \/>\n<meta name=\"robots\" content=\"index, follow, max-snippet:-1, max-image-preview:large, max-video-preview:-1\" \/>\n<link rel=\"canonical\" href=\"https:\/\/www.bmsch.com.tr\/en\/board-of-directors\/\" \/>\n<meta property=\"og:locale\" content=\"en_US\" \/>\n<meta property=\"og:type\" content=\"article\" \/>\n<meta property=\"og:title\" content=\"BMS \u00c7elik Has\u0131r | Y\u00f6netim Kurulu \u00dcyeleri\" \/>\n<meta property=\"og:description\" content=\"BMS \u00c7elik Has\u0131r\u2019\u0131n y\u00f6netim kadrosunu ve kurumsal liderlik anlay\u0131\u015f\u0131n\u0131 bu sayfadan inceleyin. Deneyimli y\u00f6netim kurulumuzla s\u00fcrd\u00fcr\u00fclebilir b\u00fcy\u00fcmeyi hedefliyoruz.\" \/>\n<meta property=\"og:url\" content=\"https:\/\/www.bmsch.com.tr\/en\/board-of-directors\/\" \/>\n<meta property=\"og:site_name\" content=\"BMS &Ccedil;elik Has\u0131r\" \/>\n<meta property=\"article:modified_time\" content=\"2025-07-11T13:50:56+00:00\" \/>\n<meta property=\"og:image\" content=\"https:\/\/www.bmsch.com.tr\/wp-content\/uploads\/2025\/03\/BMS-123-1-693x1024.jpg\" \/>\n<meta name=\"twitter:card\" content=\"summary_large_image\" \/>\n<meta name=\"twitter:label1\" content=\"Est. reading time\" \/>\n\t<meta name=\"twitter:data1\" content=\"3 minutes\" \/>\n<script type=\"application\/ld+json\" class=\"yoast-schema-graph\">{\"@context\":\"https:\\\/\\\/schema.org\",\"@graph\":[{\"@type\":\"WebPage\",\"@id\":\"https:\\\/\\\/www.bmsch.com.tr\\\/yonetim-kurulu\\\/\",\"url\":\"https:\\\/\\\/www.bmsch.com.tr\\\/yonetim-kurulu\\\/\",\"name\":\"BMS \u00c7elik Has\u0131r | Y\u00f6netim Kurulu \u00dcyeleri\",\"isPartOf\":{\"@id\":\"https:\\\/\\\/www.bmsch.com.tr\\\/#website\"},\"primaryImageOfPage\":{\"@id\":\"https:\\\/\\\/www.bmsch.com.tr\\\/yonetim-kurulu\\\/#primaryimage\"},\"image\":{\"@id\":\"https:\\\/\\\/www.bmsch.com.tr\\\/yonetim-kurulu\\\/#primaryimage\"},\"thumbnailUrl\":\"https:\\\/\\\/www.bmsch.com.tr\\\/wp-content\\\/uploads\\\/2025\\\/03\\\/BMS-123-1-693x1024.jpg\",\"datePublished\":\"2024-11-21T06:47:22+00:00\",\"dateModified\":\"2025-07-11T13:50:56+00:00\",\"description\":\"BMS \u00c7elik Has\u0131r\u2019\u0131n y\u00f6netim kadrosunu ve kurumsal liderlik anlay\u0131\u015f\u0131n\u0131 bu sayfadan inceleyin. Deneyimli y\u00f6netim kurulumuzla s\u00fcrd\u00fcr\u00fclebilir b\u00fcy\u00fcmeyi hedefliyoruz.\",\"breadcrumb\":{\"@id\":\"https:\\\/\\\/www.bmsch.com.tr\\\/yonetim-kurulu\\\/#breadcrumb\"},\"inLanguage\":\"en-US\",\"potentialAction\":[{\"@type\":\"ReadAction\",\"target\":[\"https:\\\/\\\/www.bmsch.com.tr\\\/yonetim-kurulu\\\/\"]}]},{\"@type\":\"ImageObject\",\"inLanguage\":\"en-US\",\"@id\":\"https:\\\/\\\/www.bmsch.com.tr\\\/yonetim-kurulu\\\/#primaryimage\",\"url\":\"https:\\\/\\\/www.bmsch.com.tr\\\/wp-content\\\/uploads\\\/2025\\\/03\\\/BMS-123-1-693x1024.jpg\",\"contentUrl\":\"https:\\\/\\\/www.bmsch.com.tr\\\/wp-content\\\/uploads\\\/2025\\\/03\\\/BMS-123-1-693x1024.jpg\"},{\"@type\":\"BreadcrumbList\",\"@id\":\"https:\\\/\\\/www.bmsch.com.tr\\\/yonetim-kurulu\\\/#breadcrumb\",\"itemListElement\":[{\"@type\":\"ListItem\",\"position\":1,\"name\":\"Anasayfa\",\"item\":\"https:\\\/\\\/www.bmsch.com.tr\\\/\"},{\"@type\":\"ListItem\",\"position\":2,\"name\":\"Y\u00f6netim Kurulu\"}]},{\"@type\":\"WebSite\",\"@id\":\"https:\\\/\\\/www.bmsch.com.tr\\\/#website\",\"url\":\"https:\\\/\\\/www.bmsch.com.tr\\\/\",\"name\":\"BMS \u00c7elik Has\u0131r\",\"description\":\"\",\"publisher\":{\"@id\":\"https:\\\/\\\/www.bmsch.com.tr\\\/#organization\"},\"potentialAction\":[{\"@type\":\"SearchAction\",\"target\":{\"@type\":\"EntryPoint\",\"urlTemplate\":\"https:\\\/\\\/www.bmsch.com.tr\\\/?s={search_term_string}\"},\"query-input\":{\"@type\":\"PropertyValueSpecification\",\"valueRequired\":true,\"valueName\":\"search_term_string\"}}],\"inLanguage\":\"en-US\"},{\"@type\":\"Organization\",\"@id\":\"https:\\\/\\\/www.bmsch.com.tr\\\/#organization\",\"name\":\"BMS \u00c7elik Has\u0131r\",\"url\":\"https:\\\/\\\/www.bmsch.com.tr\\\/\",\"logo\":{\"@type\":\"ImageObject\",\"inLanguage\":\"en-US\",\"@id\":\"https:\\\/\\\/www.bmsch.com.tr\\\/#\\\/schema\\\/logo\\\/image\\\/\",\"url\":\"https:\\\/\\\/www.bmsch.com.tr\\\/wp-content\\\/uploads\\\/2023\\\/09\\\/bms-celik-yeni-logo-1.png\",\"contentUrl\":\"https:\\\/\\\/www.bmsch.com.tr\\\/wp-content\\\/uploads\\\/2023\\\/09\\\/bms-celik-yeni-logo-1.png\",\"width\":1099,\"height\":391,\"caption\":\"BMS \u00c7elik Has\u0131r\"},\"image\":{\"@id\":\"https:\\\/\\\/www.bmsch.com.tr\\\/#\\\/schema\\\/logo\\\/image\\\/\"},\"sameAs\":[\"https:\\\/\\\/www.linkedin.com\\\/company\\\/bms-celik-hasir-san-tic-as\\\/\",\"https:\\\/\\\/www.instagram.com\\\/bmscelikhasir\\\/\",\"https:\\\/\\\/www.youtube.com\\\/channel\\\/UCKCGXz2czE00Un-PzLVcgBw\"]}]}<\/script>\n<!-- \/ Yoast SEO plugin. -->","yoast_head_json":{"title":"BMS \u00c7elik Has\u0131r | Y\u00f6netim Kurulu \u00dcyeleri","description":"BMS \u00c7elik Has\u0131r\u2019\u0131n y\u00f6netim kadrosunu ve kurumsal liderlik anlay\u0131\u015f\u0131n\u0131 bu sayfadan inceleyin. Deneyimli y\u00f6netim kurulumuzla s\u00fcrd\u00fcr\u00fclebilir b\u00fcy\u00fcmeyi hedefliyoruz.","robots":{"index":"index","follow":"follow","max-snippet":"max-snippet:-1","max-image-preview":"max-image-preview:large","max-video-preview":"max-video-preview:-1"},"canonical":"https:\/\/www.bmsch.com.tr\/en\/board-of-directors\/","og_locale":"en_US","og_type":"article","og_title":"BMS \u00c7elik Has\u0131r | Y\u00f6netim Kurulu \u00dcyeleri","og_description":"BMS \u00c7elik Has\u0131r\u2019\u0131n y\u00f6netim kadrosunu ve kurumsal liderlik anlay\u0131\u015f\u0131n\u0131 bu sayfadan inceleyin. Deneyimli y\u00f6netim kurulumuzla s\u00fcrd\u00fcr\u00fclebilir b\u00fcy\u00fcmeyi hedefliyoruz.","og_url":"https:\/\/www.bmsch.com.tr\/en\/board-of-directors\/","og_site_name":"BMS &Ccedil;elik Has\u0131r","article_modified_time":"2025-07-11T13:50:56+00:00","og_image":[{"url":"https:\/\/www.bmsch.com.tr\/wp-content\/uploads\/2025\/03\/BMS-123-1-693x1024.jpg","type":"","width":"","height":""}],"twitter_card":"summary_large_image","twitter_misc":{"Est. reading time":"3 minutes"},"schema":{"@context":"https:\/\/schema.org","@graph":[{"@type":"WebPage","@id":"https:\/\/www.bmsch.com.tr\/yonetim-kurulu\/","url":"https:\/\/www.bmsch.com.tr\/yonetim-kurulu\/","name":"BMS \u00c7elik Has\u0131r | Y\u00f6netim Kurulu \u00dcyeleri","isPartOf":{"@id":"https:\/\/www.bmsch.com.tr\/#website"},"primaryImageOfPage":{"@id":"https:\/\/www.bmsch.com.tr\/yonetim-kurulu\/#primaryimage"},"image":{"@id":"https:\/\/www.bmsch.com.tr\/yonetim-kurulu\/#primaryimage"},"thumbnailUrl":"https:\/\/www.bmsch.com.tr\/wp-content\/uploads\/2025\/03\/BMS-123-1-693x1024.jpg","datePublished":"2024-11-21T06:47:22+00:00","dateModified":"2025-07-11T13:50:56+00:00","description":"BMS \u00c7elik Has\u0131r\u2019\u0131n y\u00f6netim kadrosunu ve kurumsal liderlik anlay\u0131\u015f\u0131n\u0131 bu sayfadan inceleyin. Deneyimli y\u00f6netim kurulumuzla s\u00fcrd\u00fcr\u00fclebilir b\u00fcy\u00fcmeyi hedefliyoruz.","breadcrumb":{"@id":"https:\/\/www.bmsch.com.tr\/yonetim-kurulu\/#breadcrumb"},"inLanguage":"en-US","potentialAction":[{"@type":"ReadAction","target":["https:\/\/www.bmsch.com.tr\/yonetim-kurulu\/"]}]},{"@type":"ImageObject","inLanguage":"en-US","@id":"https:\/\/www.bmsch.com.tr\/yonetim-kurulu\/#primaryimage","url":"https:\/\/www.bmsch.com.tr\/wp-content\/uploads\/2025\/03\/BMS-123-1-693x1024.jpg","contentUrl":"https:\/\/www.bmsch.com.tr\/wp-content\/uploads\/2025\/03\/BMS-123-1-693x1024.jpg"},{"@type":"BreadcrumbList","@id":"https:\/\/www.bmsch.com.tr\/yonetim-kurulu\/#breadcrumb","itemListElement":[{"@type":"ListItem","position":1,"name":"Anasayfa","item":"https:\/\/www.bmsch.com.tr\/"},{"@type":"ListItem","position":2,"name":"Y\u00f6netim Kurulu"}]},{"@type":"WebSite","@id":"https:\/\/www.bmsch.com.tr\/#website","url":"https:\/\/www.bmsch.com.tr\/","name":"BMS \u00c7elik Has\u0131r","description":"","publisher":{"@id":"https:\/\/www.bmsch.com.tr\/#organization"},"potentialAction":[{"@type":"SearchAction","target":{"@type":"EntryPoint","urlTemplate":"https:\/\/www.bmsch.com.tr\/?s={search_term_string}"},"query-input":{"@type":"PropertyValueSpecification","valueRequired":true,"valueName":"search_term_string"}}],"inLanguage":"en-US"},{"@type":"Organization","@id":"https:\/\/www.bmsch.com.tr\/#organization","name":"BMS \u00c7elik Has\u0131r","url":"https:\/\/www.bmsch.com.tr\/","logo":{"@type":"ImageObject","inLanguage":"en-US","@id":"https:\/\/www.bmsch.com.tr\/#\/schema\/logo\/image\/","url":"https:\/\/www.bmsch.com.tr\/wp-content\/uploads\/2023\/09\/bms-celik-yeni-logo-1.png","contentUrl":"https:\/\/www.bmsch.com.tr\/wp-content\/uploads\/2023\/09\/bms-celik-yeni-logo-1.png","width":1099,"height":391,"caption":"BMS \u00c7elik Has\u0131r"},"image":{"@id":"https:\/\/www.bmsch.com.tr\/#\/schema\/logo\/image\/"},"sameAs":["https:\/\/www.linkedin.com\/company\/bms-celik-hasir-san-tic-as\/","https:\/\/www.instagram.com\/bmscelikhasir\/","https:\/\/www.youtube.com\/channel\/UCKCGXz2czE00Un-PzLVcgBw"]}]}},"_links":{"self":[{"href":"https:\/\/www.bmsch.com.tr\/en\/wp-json\/wp\/v2\/pages\/1942","targetHints":{"allow":["GET"]}}],"collection":[{"href":"https:\/\/www.bmsch.com.tr\/en\/wp-json\/wp\/v2\/pages"}],"about":[{"href":"https:\/\/www.bmsch.com.tr\/en\/wp-json\/wp\/v2\/types\/page"}],"author":[{"embeddable":true,"href":"https:\/\/www.bmsch.com.tr\/en\/wp-json\/wp\/v2\/users\/1"}],"replies":[{"embeddable":true,"href":"https:\/\/www.bmsch.com.tr\/en\/wp-json\/wp\/v2\/comments?post=1942"}],"version-history":[{"count":34,"href":"https:\/\/www.bmsch.com.tr\/en\/wp-json\/wp\/v2\/pages\/1942\/revisions"}],"predecessor-version":[{"id":3136,"href":"https:\/\/www.bmsch.com.tr\/en\/wp-json\/wp\/v2\/pages\/1942\/revisions\/3136"}],"wp:attachment":[{"href":"https:\/\/www.bmsch.com.tr\/en\/wp-json\/wp\/v2\/media?parent=1942"}],"curies":[{"name":"wp","href":"https:\/\/api.w.org\/{rel}","templated":true}]}}